{"id":6224,"date":"2024-06-21T19:19:22","date_gmt":"2024-06-21T17:19:22","guid":{"rendered":"https:\/\/mubb.store\/?page_id=6224"},"modified":"2025-04-17T08:12:43","modified_gmt":"2025-04-17T06:12:43","slug":"terminos-y-condiciones","status":"publish","type":"page","link":"https:\/\/mubb.store\/eng\/terminos-y-condiciones\/","title":{"rendered":"T\u00e9rminos y Condiciones"},"content":{"rendered":"<div data-elementor-type=\"wp-page\" data-elementor-id=\"6224\" class=\"elementor elementor-6224\" data-elementor-post-type=\"page\">\n\t\t\t\t<div class=\"elementor-element elementor-element-c32fb51 e-con-full e-flex wpr-particle-no wpr-jarallax-no wpr-parallax-no wpr-sticky-section-no e-con e-parent\" data-id=\"c32fb51\" data-element_type=\"container\" data-settings=\"{&quot;background_background&quot;:&quot;classic&quot;}\">\n\t\t\t\t<div class=\"elementor-element elementor-element-859bddd elementor-widget__width-initial elementor-widget-mobile__width-initial elementor-widget elementor-widget-heading\" data-id=\"859bddd\" data-element_type=\"widget\" data-widget_type=\"heading.default\">\n\t\t\t\t<div class=\"elementor-widget-container\">\n\t\t\t<style>\/*! elementor - v3.22.0 - 24-06-2024 *\/\n.elementor-heading-title{padding:0;margin:0;line-height:1}.elementor-widget-heading .elementor-heading-title[class*=elementor-size-]>a{color:inherit;font-size:inherit;line-height:inherit}.elementor-widget-heading .elementor-heading-title.elementor-size-small{font-size:15px}.elementor-widget-heading .elementor-heading-title.elementor-size-medium{font-size:19px}.elementor-widget-heading .elementor-heading-title.elementor-size-large{font-size:29px}.elementor-widget-heading .elementor-heading-title.elementor-size-xl{font-size:39px}.elementor-widget-heading .elementor-heading-title.elementor-size-xxl{font-size:59px}<\/style><h5 class=\"elementor-heading-title elementor-size-default\">T\u00c9RMINOS Y CONDICIONES DE GARANT\u00cdA<\/h5>\t\t<\/div>\n\t\t\t\t<\/div>\n\t\t\t\t<\/div>\n\t\t<div class=\"elementor-element elementor-element-364cdf2 e-flex e-con-boxed wpr-particle-no wpr-jarallax-no wpr-parallax-no wpr-sticky-section-no e-con e-parent\" data-id=\"364cdf2\" data-element_type=\"container\" data-settings=\"{&quot;background_background&quot;:&quot;classic&quot;}\">\n\t\t\t\t\t<div class=\"e-con-inner\">\n\t\t<div class=\"elementor-element elementor-element-2ffcb09 e-con-full e-flex wpr-particle-no wpr-jarallax-no wpr-parallax-no wpr-sticky-section-no e-con e-child\" data-id=\"2ffcb09\" data-element_type=\"container\">\n\t\t\t\t<div class=\"elementor-element elementor-element-14b3093 elementor-widget elementor-widget-text-editor\" data-id=\"14b3093\" data-element_type=\"widget\" data-widget_type=\"text-editor.default\">\n\t\t\t\t<div class=\"elementor-widget-container\">\n\t\t\t<style>\/*! elementor - v3.22.0 - 24-06-2024 *\/\n.elementor-widget-text-editor.elementor-drop-cap-view-stacked .elementor-drop-cap{background-color:#69727d;color:#fff}.elementor-widget-text-editor.elementor-drop-cap-view-framed .elementor-drop-cap{color:#69727d;border:3px solid;background-color:transparent}.elementor-widget-text-editor:not(.elementor-drop-cap-view-default) .elementor-drop-cap{margin-top:8px}.elementor-widget-text-editor:not(.elementor-drop-cap-view-default) .elementor-drop-cap-letter{width:1em;height:1em}.elementor-widget-text-editor .elementor-drop-cap{float:left;text-align:center;line-height:1;font-size:50px}.elementor-widget-text-editor .elementor-drop-cap-letter{display:inline-block}<\/style>\t\t\t\t<h6 style=\"text-align: left;\">\u00a0 \u00a0Limited Warranty<\/h6><ul><li style=\"font-weight: 400;\" aria-level=\"1\"><p class=\"p1\">This warranty is void if the warranty period has expired<\/p><\/li><li style=\"font-weight: 400;\" aria-level=\"1\"><p class=\"p1\">The warranty does\u00b4nt cover the use of products for business, commercial, rental,<\/p><p class=\"p1\">or other non-residential purposes.<\/p><\/li><li style=\"font-weight: 400;\" aria-level=\"1\"><p class=\"p1\">Softening or changes in the shape of foams and fibers, as well as other\nalterations caused by normal wear and tear of the products.<\/p><\/li><li style=\"font-weight: 400;\" aria-level=\"1\"><p class=\"p1\">Damages caused by lack of protection and care of metal parts that may result in scratches or rust are not covered.<\/p><\/li><li style=\"font-weight: 400;\" aria-level=\"1\"><p class=\"p1\">Damages caused by subjecting the product to excessive weight in parts not designed for that purpose, such as bending or warping of components, among others, are not covered.<\/p><\/li><li aria-level=\"1\"><p class=\"p1\">Furniture that has been mistreated improperly, transported or altered by a third party are not covered by this warranty.<\/p><\/li><li aria-level=\"1\"><p class=\"p1\">Damages such as: scratches, dents, burns, color changes due to direct exposure to sunlight or adverse weather conditions, or exposure to\nexcessively humid or dry environments that cause material reactions, are not covered.<\/p><\/li><li aria-level=\"1\"><p class=\"p1\">Damages resulting from improper cleaning or maintenance using unsuitable products such as bleach or solvents (fuel, alcohol, abrasive\nliquids, etc.) are not covered.<\/p><\/li><li aria-level=\"1\"><p class=\"p1\">Upholstery defects related to: unsewn seams, tears, and detachment of upholstery not resulting from normal handling and use of the product\nare not covered.<\/p><\/li><li aria-level=\"1\"><p class=\"p1\">For leather products, the warranty excludes claims for: wrinkles, cracking. or scarring marks, as well as variations in texture or color.<\/p><p class=\"p1\">These are natural characteristics of leather and prove its authenticity.<\/p><\/li><li aria-level=\"1\"><p class=\"p1\">The warranty for defects in: glass, mirrors, marble, porcelain tiles, quartzite, Dekton, or other similar elements, is only valid until the product is delivered and received in full conformity by the customer.<\/p><\/li><li aria-level=\"1\"><p class=\"p1\">Defects in the elements mentioned above, such as chips, cracks, and stains that occur before the product is accepted by the customer at the time of delivery, are covered.<\/p><\/li><li aria-level=\"1\"><p class=\"p1\">The warranty does not apply if the customer has not paid the full price of the product.<\/p><\/li><\/ul>\t\t\t\t\t\t<\/div>\n\t\t\t\t<\/div>\n\t\t\t\t<\/div>\n\t\t<div class=\"elementor-element elementor-element-a4defb4 e-con-full e-flex wpr-particle-no wpr-jarallax-no wpr-parallax-no wpr-sticky-section-no e-con e-child\" data-id=\"a4defb4\" data-element_type=\"container\">\n\t\t\t\t<div class=\"elementor-element elementor-element-851fb0e elementor-widget elementor-widget-image\" data-id=\"851fb0e\" data-element_type=\"widget\" data-widget_type=\"image.default\">\n\t\t\t\t<div class=\"elementor-widget-container\">\n\t\t\t<style>\/*! elementor - v3.22.0 - 24-06-2024 *\/\n.elementor-widget-image{text-align:center}.elementor-widget-image a{display:inline-block}.elementor-widget-image a img[src$=\".svg\"]{width:48px}.elementor-widget-image img{vertical-align:middle;display:inline-block}<\/style>\t\t\t\t\t\t\t\t\t\t<img loading=\"lazy\" decoding=\"async\" width=\"1086\" height=\"1086\" src=\"data:image\/gif;base64,R0lGODlhAQABAAAAACH5BAEKAAEALAAAAAABAAEAAAICTAEAOw==\" class=\"attachment-full size-full wp-image-6343 lazyload\" alt=\"\" data-src=\"https:\/\/mubb.store\/wp-content\/uploads\/2024\/06\/placa-web.png\">\t\t\t\t\t\t\t\t\t\t\t\t\t<\/div>\n\t\t\t\t<\/div>\n\t\t\t\t<\/div>\n\t\t\t\t\t<\/div>\n\t\t\t\t<\/div>\n\t\t<div class=\"elementor-element elementor-element-0dbf2fa e-flex e-con-boxed wpr-particle-no wpr-jarallax-no wpr-parallax-no wpr-sticky-section-no e-con e-parent\" data-id=\"0dbf2fa\" data-element_type=\"container\" data-settings=\"{&quot;background_background&quot;:&quot;classic&quot;}\">\n\t\t\t\t\t<div class=\"e-con-inner\">\n\t\t<div class=\"elementor-element elementor-element-eca367d e-con-full elementor-hidden-tablet elementor-hidden-mobile e-flex wpr-particle-no wpr-jarallax-no wpr-parallax-no wpr-sticky-section-no e-con e-child\" data-id=\"eca367d\" data-element_type=\"container\">\n\t\t\t\t<div class=\"elementor-element elementor-element-a09a321 elementor-widget elementor-widget-image\" data-id=\"a09a321\" data-element_type=\"widget\" data-widget_type=\"image.default\">\n\t\t\t\t<div class=\"elementor-widget-container\">\n\t\t\t\t\t\t\t\t\t\t\t\t\t<img loading=\"lazy\" decoding=\"async\" width=\"800\" height=\"800\" src=\"data:image\/gif;base64,R0lGODlhAQABAAAAACH5BAEKAAEALAAAAAABAAEAAAICTAEAOw==\" class=\"attachment-full size-full wp-image-6286 lazyload\" alt=\"\" data-src=\"https:\/\/mubb.store\/wp-content\/uploads\/2024\/06\/fric-1.jpg\">\t\t\t\t\t\t\t\t\t\t\t\t\t<\/div>\n\t\t\t\t<\/div>\n\t\t\t\t<\/div>\n\t\t<div class=\"elementor-element elementor-element-47f9f4f e-con-full e-flex wpr-particle-no wpr-jarallax-no wpr-parallax-no wpr-sticky-section-no e-con e-child\" data-id=\"47f9f4f\" data-element_type=\"container\">\n\t\t\t\t<div class=\"elementor-element elementor-element-443e6c1 elementor-widget elementor-widget-text-editor\" data-id=\"443e6c1\" data-element_type=\"widget\" data-widget_type=\"text-editor.default\">\n\t\t\t\t<div class=\"elementor-widget-container\">\n\t\t\t\t\t\t\t<h6 style=\"text-align: center;\">\u00a0 \u00a0 \u00a0 VIGENCIA<\/h6><ul><li style=\"font-weight: 400;\" aria-level=\"1\"><p class=\"p1\">The warranty becomes effective upon the purchase of the product and isnon-transferable.<\/p><\/li><li style=\"font-weight: 400;\" aria-level=\"1\"><p class=\"p1\">The warranty protects you, as the first and only owner of the product, against possible damages<\/p><p class=\"p1\">or due to hidden faults or defects in the materials used in its manufacture.<\/p><\/li><li style=\"font-weight: 400;\" aria-level=\"1\"><p class=\"p1\">MUBB S.A.S. will apply the warranty granted to the product only when manu- facturing defects related to the structure, upholstery, or any mechanism are\nduly verified by the company.<\/p><\/li><li style=\"font-weight: 400;\" aria-level=\"1\"><p class=\"p1\">During the warranty period, the company reserves the right to choose between replacing or repairing the product.<\/p><\/li><li style=\"font-weight: 400;\" aria-level=\"1\"><p class=\"p1\">The liability of MUBB S.A.S. shall in no case exceed the purchase price of the product.<\/p><\/li><li style=\"font-weight: 400;\" aria-level=\"1\"><p class=\"p1\">In the event that identical materials are not available on the market at the time of repair duly approved by MUBB S.A.S. the company reserves the right to replace them with materials of equal quality, performance, and value.<\/p><\/li><\/ul><h6 style=\"text-align: center;\">WARRANTY CONDITIONS<\/h6><ul><li style=\"font-weight: 400;\" aria-level=\"1\"><span style=\"font-weight: 400;\"><span style=\"font-weight: 400;\">P<\/span><\/span>To claim the warranty for our products, you must present the physical or digital purchase invoice without exception.<\/li><\/ul><p>\u00a0<\/p><ul><li style=\"font-weight: 400;\" aria-level=\"1\">Once a manufacturing defect or material quality issue is detected, the warranty must be claimed immediately.<\/li><\/ul><p>\u00a0<\/p><ul><li style=\"font-weight: 400;\" aria-level=\"1\">If the customer has personally picked up and transported the purchased products during the warranty period and they suffer damage caused by third parties, the warranty is void.<\/li><\/ul><p>\u00a0<\/p><ul><li style=\"font-weight: 400;\" aria-level=\"1\">In order to determine if the product warranty applies, the product must be inspected by authorized technicians designated by MUBB S.A.S.<\/li><\/ul>\t\t\t\t\t\t<\/div>\n\t\t\t\t<\/div>\n\t\t\t\t<\/div>\n\t\t\t\t\t<\/div>\n\t\t\t\t<\/div>\n\t\t<div class=\"elementor-element elementor-element-46be761 e-flex e-con-boxed wpr-particle-no wpr-jarallax-no wpr-parallax-no wpr-sticky-section-no e-con e-parent\" data-id=\"46be761\" data-element_type=\"container\" data-settings=\"{&quot;background_background&quot;:&quot;classic&quot;}\">\n\t\t\t\t\t<div class=\"e-con-inner\">\n\t\t\t\t<div class=\"elementor-element elementor-element-bb162c9 elementor-widget-mobile__width-initial elementor-widget elementor-widget-heading\" data-id=\"bb162c9\" data-element_type=\"widget\" data-widget_type=\"heading.default\">\n\t\t\t\t<div class=\"elementor-widget-container\">\n\t\t\t<h1 class=\"elementor-heading-title elementor-size-default\">HOW TO FILE A CLAIM?<\/h1>\t\t<\/div>\n\t\t\t\t<\/div>\n\t\t\t\t\t<\/div>\n\t\t\t\t<\/div>\n\t\t<div class=\"elementor-element elementor-element-0bcd5c0 e-flex e-con-boxed wpr-particle-no wpr-jarallax-no wpr-parallax-no wpr-sticky-section-no e-con e-parent\" data-id=\"0bcd5c0\" data-element_type=\"container\" data-settings=\"{&quot;background_background&quot;:&quot;classic&quot;}\">\n\t\t\t\t\t<div class=\"e-con-inner\">\n\t\t\t\t<div class=\"elementor-element elementor-element-c123c8b elementor-widget elementor-widget-text-editor\" data-id=\"c123c8b\" data-element_type=\"widget\" data-widget_type=\"text-editor.default\">\n\t\t\t\t<div class=\"elementor-widget-container\">\n\t\t\t\t\t\t\t<ul>\n<li style=\"font-weight: 400;\" aria-level=\"1\"><span style=\"font-weight: 400;\">We suggest that, before submitting your claim, you\nmake sure you have previously reviewed all the\nconditions set out in this document, as well as the\nGeneral Terms and Conditions of Sale set out in\nyour purchase order.<\/span><\/li>\n<\/ul>\n<ul>\n<li style=\"font-weight: 400;\" aria-level=\"1\"><span style=\"font-weight: 400;\">If you need to file a claim, please do not hesitate to\ncontact or visit us: email:&nbsp; <\/span><span style=\"color: #ffffff;\"><a style=\"color: #ffffff;\" href=\"mailto:ventas@mubb.store\"><span style=\"font-weight: 400;\">ventas@mubb.store<\/span><\/a><\/span><span style=\"font-weight: 400;\"><span style=\"color: #ffffff;\">&nbsp;<\/span> WhatsApp: <a href=\"https:\/\/api.whatsapp.com\/send\/?phone=593939394576&amp;text&amp;type=phone_number&amp;app_absent=0\"><span style=\"color: #ffffff;\">+593939394576<\/span><\/a> Opening Hours: From Monday to Saturday 10H00 am to 6H40 pm.&nbsp;<\/span>We will be always pleased to assist you.<\/li>\n<\/ul>\n<div>&nbsp;<\/div>\n<div><em><strong>If you need to file a claim, please do not hesitate to\ncontact or visit us: email: servicioalcliente@mubb.store | WhatsApp: +593 9 393 94576 | Opening Hours: From Monday to Saturday 10H00 am to 6H40 pm.<\/strong><\/em><\/div>\t\t\t\t\t\t<\/div>\n\t\t\t\t<\/div>\n\t\t\t\t\t<\/div>\n\t\t\t\t<\/div>\n\t\t\t\t<\/div>","protected":false},"excerpt":{"rendered":"<p>T\u00c9RMINOS Y CONDICIONES DE GARANT\u00cdA \u00a0 \u00a0GARANT\u00cdA LIMITADA La presente garant\u00eda no procede cuando el per\u00edodo de vigencia haya expirado. No cubre el uso de los productos para negocios, comercios, alquiler y otros fines que no sean residenciales. No cubre ablandamientos y cambios en la forma de las espumas y fibras, as\u00ed como otras alteraciones [&hellip;]<\/p>","protected":false},"author":1,"featured_media":0,"parent":0,"menu_order":0,"comment_status":"closed","ping_status":"closed","template":"elementor_header_footer","meta":{"om_disable_all_campaigns":false,"_monsterinsights_skip_tracking":false,"_monsterinsights_sitenote_active":false,"_monsterinsights_sitenote_note":"","_monsterinsights_sitenote_category":0,"_uf_show_specific_survey":0,"_uf_disable_surveys":false,"_joinchat":[],"footnotes":""},"class_list":["post-6224","page","type-page","status-publish","hentry"],"aioseo_notices":[],"rttpg_featured_image_url":null,"rttpg_author":{"display_name":"administraci\u00f3n","author_link":"https:\/\/mubb.store\/eng\/author\/admin\/"},"rttpg_comment":0,"rttpg_category":null,"rttpg_excerpt":"T\u00c9RMINOS Y CONDICIONES DE GARANT\u00cdA \u00a0 \u00a0GARANT\u00cdA LIMITADA La presente garant\u00eda no procede cuando el per\u00edodo de vigencia haya expirado. No cubre el uso de los productos para negocios, comercios, alquiler y otros fines que no sean residenciales. No cubre ablandamientos y cambios en la forma de las espumas y fibras, as\u00ed como otras alteraciones&hellip;","_links":{"self":[{"href":"https:\/\/mubb.store\/eng\/wp-json\/wp\/v2\/pages\/6224","targetHints":{"allow":["GET"]}}],"collection":[{"href":"https:\/\/mubb.store\/eng\/wp-json\/wp\/v2\/pages"}],"about":[{"href":"https:\/\/mubb.store\/eng\/wp-json\/wp\/v2\/types\/page"}],"author":[{"embeddable":true,"href":"https:\/\/mubb.store\/eng\/wp-json\/wp\/v2\/users\/1"}],"replies":[{"embeddable":true,"href":"https:\/\/mubb.store\/eng\/wp-json\/wp\/v2\/comments?post=6224"}],"version-history":[{"count":0,"href":"https:\/\/mubb.store\/eng\/wp-json\/wp\/v2\/pages\/6224\/revisions"}],"wp:attachment":[{"href":"https:\/\/mubb.store\/eng\/wp-json\/wp\/v2\/media?parent=6224"}],"curies":[{"name":"wp","href":"https:\/\/api.w.org\/{rel}","templated":true}]}}