{"id":3764,"date":"2024-04-17T04:46:04","date_gmt":"2024-04-17T02:46:04","guid":{"rendered":"https:\/\/mubb.store\/?post_type=product&#038;p=3764"},"modified":"2024-11-18T17:31:17","modified_gmt":"2024-11-18T16:31:17","slug":"sofa-sante","status":"publish","type":"product","link":"https:\/\/mubb.store\/eng\/product\/sofa-sante\/","title":{"rendered":"SANTE SOFA"},"content":{"rendered":"<p><strong>Materials:\u00a0<\/strong><\/p>\n<p><strong>Metal: <\/strong>Luxury Gold, Elegant Gold, Aged Gold, Luxxo Silver, and Luxxo Copper<strong><br \/>\n<\/strong><\/p>\n<p><strong>Fabrics:\u00a0<\/strong>Aquaclean and Great Trend<strong><br \/>\n<\/strong><\/p>\n<p><strong>Leather<\/strong><\/p>\n<p><strong>Wood:\u00a0<\/strong>American Oak, Ivory Oak and Seike<\/p>","protected":false},"excerpt":{"rendered":"<p><span data-sheets-root=\"1\" data-sheets-value=\"{&quot;1&quot;:2,&quot;2&quot;:&quot;Elegante y moderno, el sof\u00e1 Sante redefine el lujo contempor\u00e1neo. Su dise\u00f1o sofisticado presenta una base que se extiende hasta el suelo, realzando el minimalismo. Con l\u00edneas limpias y curvas sutiles en un estilo capitoneado, este sof\u00e1 fusiona estilo y comodidad. Tapizado con materiales de alta calidad, ofrece una experiencia sensorial. Sante es m\u00e1s que un mueble; es una pieza \u00fanica, disponible en piel genuina o tela europea con alta tecnolog\u00eda&quot;}\" data-sheets-userformat=\"{&quot;2&quot;:15229,&quot;3&quot;:{&quot;1&quot;:0},&quot;5&quot;:{&quot;1&quot;:[{&quot;1&quot;:2,&quot;2&quot;:0,&quot;5&quot;:{&quot;1&quot;:2,&quot;2&quot;:0}},{&quot;1&quot;:0,&quot;2&quot;:0,&quot;3&quot;:3},{&quot;1&quot;:1,&quot;2&quot;:0,&quot;4&quot;:1}]},&quot;6&quot;:{&quot;1&quot;:[{&quot;1&quot;:2,&quot;2&quot;:0,&quot;5&quot;:{&quot;1&quot;:2,&quot;2&quot;:0}},{&quot;1&quot;:0,&quot;2&quot;:0,&quot;3&quot;:3},{&quot;1&quot;:1,&quot;2&quot;:0,&quot;4&quot;:1}]},&quot;7&quot;:{&quot;1&quot;:[{&quot;1&quot;:2,&quot;2&quot;:0,&quot;5&quot;:{&quot;1&quot;:2,&quot;2&quot;:0}},{&quot;1&quot;:0,&quot;2&quot;:0,&quot;3&quot;:3},{&quot;1&quot;:1,&quot;2&quot;:0,&quot;4&quot;:1}]},&quot;8&quot;:{&quot;1&quot;:[{&quot;1&quot;:2,&quot;2&quot;:0,&quot;5&quot;:{&quot;1&quot;:2,&quot;2&quot;:0}},{&quot;1&quot;:0,&quot;2&quot;:0,&quot;3&quot;:3},{&quot;1&quot;:1,&quot;2&quot;:0,&quot;4&quot;:1}]},&quot;9&quot;:1,&quot;11&quot;:4,&quot;12&quot;:0,&quot;14&quot;:{&quot;1&quot;:2,&quot;2&quot;:0},&quot;15&quot;:&quot;Arial&quot;,&quot;16&quot;:8}\">The Sante sofa is a blend of elegance and modernity setting standards for contemporary luxury. Its sleek design showcases a base that seamlessly reaches the floor adding a touch of charm. With its lines and subtle curves this tufted style sofa effortlessly combines style with comfort. Crafted with top notch materials it provides an experience. The Sante sofa goes beyond being furniture; it is a creation available, in both genuine leather and high tech european fabric options.<\/span><\/p>","protected":false},"featured_media":9866,"comment_status":"open","ping_status":"closed","template":"","meta":{"om_disable_all_campaigns":false,"_monsterinsights_skip_tracking":false,"_monsterinsights_sitenote_active":false,"_monsterinsights_sitenote_note":"","_monsterinsights_sitenote_category":0,"_uf_show_specific_survey":0,"_uf_disable_surveys":false,"_joinchat":[]},"product_cat":[317,25,40],"product_tag":[371],"class_list":{"0":"post-3764","1":"product","2":"type-product","3":"status-publish","4":"has-post-thumbnail","6":"product_cat-salas-ambientes","7":"product_cat-sofas","8":"product_cat-sofas-loveseats","9":"product_tag-loveseat-sante","11":"first","12":"instock","13":"shipping-taxable","14":"purchasable","15":"product-type-variable"},"aioseo_notices":[],"_links":{"self":[{"href":"https:\/\/mubb.store\/eng\/wp-json\/wp\/v2\/product\/3764","targetHints":{"allow":["GET"]}}],"collection":[{"href":"https:\/\/mubb.store\/eng\/wp-json\/wp\/v2\/product"}],"about":[{"href":"https:\/\/mubb.store\/eng\/wp-json\/wp\/v2\/types\/product"}],"replies":[{"embeddable":true,"href":"https:\/\/mubb.store\/eng\/wp-json\/wp\/v2\/comments?post=3764"}],"wp:featuredmedia":[{"embeddable":true,"href":"https:\/\/mubb.store\/eng\/wp-json\/wp\/v2\/media\/9866"}],"wp:attachment":[{"href":"https:\/\/mubb.store\/eng\/wp-json\/wp\/v2\/media?parent=3764"}],"wp:term":[{"taxonomy":"product_cat","embeddable":true,"href":"https:\/\/mubb.store\/eng\/wp-json\/wp\/v2\/product_cat?post=3764"},{"taxonomy":"product_tag","embeddable":true,"href":"https:\/\/mubb.store\/eng\/wp-json\/wp\/v2\/product_tag?post=3764"}],"curies":[{"name":"wp","href":"https:\/\/api.w.org\/{rel}","templated":true}]}}