{"id":3925,"date":"2024-04-17T05:44:02","date_gmt":"2024-04-17T03:44:02","guid":{"rendered":"https:\/\/mubb.store\/?post_type=product&#038;p=3925"},"modified":"2024-06-17T20:28:23","modified_gmt":"2024-06-17T18:28:23","slug":"consola-savage","status":"publish","type":"product","link":"https:\/\/mubb.store\/eng\/product\/consola-savage\/","title":{"rendered":"SAVAGE CONSOLE"},"content":{"rendered":"<p><strong>Materials:\u00a0<\/strong><\/p>\n<p><strong>Metal: <\/strong>Luxury Gold, Elegant Gold, Aged Gold, Luxxo Silver, and Luxxo Copper<strong><br \/>\n<\/strong><\/p>\n<p><strong>Fabrics:\u00a0<\/strong>Aquaclean and Great Trend<strong><br \/>\n<\/strong><\/p>\n<p><strong>Leather<\/strong><\/p>\n<p><strong>Wood:\u00a0<\/strong>American Oak, Ivory Oak and Seike<\/p>","protected":false},"excerpt":{"rendered":"<p>Elevate your home with the Savage console. Its linear and symmetrical design seamlessly complements any style. The rectangular base, available in wood, Italian porcelain, or dekton, allows for exclusive customization of your space. The minimalist style is achieved through a two-piece base, embodying simplicity. Infuse sophistication and distinction into your home with this uniquely designed piece, making it a statement of relegance.<br \/>\nA\u00f1ade sofisticaci\u00f3n y distinci\u00f3n a tu hogar con esta pieza de dise\u00f1o.<\/p>","protected":false},"featured_media":6108,"comment_status":"open","ping_status":"closed","template":"","meta":{"om_disable_all_campaigns":false,"_monsterinsights_skip_tracking":false,"_monsterinsights_sitenote_active":false,"_monsterinsights_sitenote_note":"","_monsterinsights_sitenote_category":0,"_uf_show_specific_survey":0,"_uf_disable_surveys":false,"_joinchat":[]},"product_cat":[23],"product_tag":[],"class_list":{"0":"post-3925","1":"product","2":"type-product","3":"status-publish","4":"has-post-thumbnail","6":"product_cat-consolas","8":"first","9":"instock","10":"shipping-taxable","11":"purchasable","12":"product-type-variable"},"aioseo_notices":[],"_links":{"self":[{"href":"https:\/\/mubb.store\/eng\/wp-json\/wp\/v2\/product\/3925","targetHints":{"allow":["GET"]}}],"collection":[{"href":"https:\/\/mubb.store\/eng\/wp-json\/wp\/v2\/product"}],"about":[{"href":"https:\/\/mubb.store\/eng\/wp-json\/wp\/v2\/types\/product"}],"replies":[{"embeddable":true,"href":"https:\/\/mubb.store\/eng\/wp-json\/wp\/v2\/comments?post=3925"}],"wp:featuredmedia":[{"embeddable":true,"href":"https:\/\/mubb.store\/eng\/wp-json\/wp\/v2\/media\/6108"}],"wp:attachment":[{"href":"https:\/\/mubb.store\/eng\/wp-json\/wp\/v2\/media?parent=3925"}],"wp:term":[{"taxonomy":"product_cat","embeddable":true,"href":"https:\/\/mubb.store\/eng\/wp-json\/wp\/v2\/product_cat?post=3925"},{"taxonomy":"product_tag","embeddable":true,"href":"https:\/\/mubb.store\/eng\/wp-json\/wp\/v2\/product_tag?post=3925"}],"curies":[{"name":"wp","href":"https:\/\/api.w.org\/{rel}","templated":true}]}}